{"id":85,"date":"2015-09-18T10:35:05","date_gmt":"2015-09-18T08:35:05","guid":{"rendered":"http:\/\/www.schorschbross.de\/varietekunst\/wordpress\/?page_id=85"},"modified":"2015-11-16T19:06:06","modified_gmt":"2015-11-16T18:06:06","slug":"kellnertheater-hier-wendet-sich-der-gast-mit-freuden","status":"publish","type":"page","link":"https:\/\/www.schorschbross.de\/varietekunst\/wordpress\/index.php\/kellnertheater-hier-wendet-sich-der-gast-mit-freuden\/","title":{"rendered":"Kellnertheater"},"content":{"rendered":"<h5><strong>Hier wendet sich der Gast mit Freuden<\/strong><\/h5>\n<p><strong><span class=\"tahoma12\">erster Akt.\u00a0<\/span><span class=\"text10fett\">Der Kellner geht los.\u00a0<\/span><\/strong><span class=\"textkursiv\"><strong>Verdecktes Theater.<\/strong>\u00a0<\/span><span class=\"text\">Schorsch Bross sorgt sich &#8211; diskret und mit gehobenem Service &#8211; um das Wohl der G\u00e4ste. Er wird als normaler Kellner wahrgenommen.<\/span><\/p>\n<p><strong><span class=\"tahoma12\">zweiter Akt.\u00a0<\/span><span class=\"tahoma12fett\">Was ist mit dem Kellner los.\u00a0<\/span><\/strong><span class=\"textkursiv\"><strong>Die Grauzone.<\/strong>\u00a0<\/span><span class=\"text\">Der Ausdruck eines Blickes, einer Bewegung oder einer Bemerkung ver\u00e4ndert sich um eine Spur. Die G\u00e4ste sp\u00fcren: irgendetwas stimmt mit dem Kellner nicht.<\/span><\/p>\n<p><strong>dritter Akt.\u00a0Der Kellner legt los.\u00a0Improvisationstheater.\u00a0<\/strong>Mit Spontaneit\u00e4t, K\u00f6rpersprache, Sprachwitz, Slapstick und Schlagfertigkeit entwickelt sich zwischen Schorsch Bross und den G\u00e4sten ein verbales und non-verbales Spiel.\u00a0Improvisationstheater at its best.<\/p>\n<p><strong><span class=\"tahoma12\">vierter Akt.\u00a0<\/span><span class=\"tahoma12fett\">Der Kellner ist los.\u00a0<\/span><\/strong><span class=\"textkursiv\"><strong>B\u00fchnen &#8211; Show<\/strong>.\u00a0<\/span><span class=\"text\">Als Abschlu\u00df zeigt Schorsch Bross seine B\u00fchnenshow. Dabei rei\u00dft er durch seinen treffenden Wortwitz, seine Publikumsn\u00e4he und seine herausragende Artistik das Publikum von den St\u00fchlen.<\/span><\/p>\n<p><strong>Stimmen von G\u00e4sten zum KellnerTheater:<\/strong><\/p>\n<p><img decoding=\"async\" loading=\"lazy\" class=\"wp-image-39 alignleft\" src=\"http:\/\/www.schorschbross.de\/varietekunst\/wordpress\/wp-content\/uploads\/vorgest-inhalte-kellner.jpg\" alt=\"das Kellnertheater: Improvisation an den Tischen at its best!\" width=\"205\" height=\"301\" \/>Er f\u00fctterte niemanden, er hatte keine Gummih\u00fchner dabei, keine Hasenz\u00e4hne, er pantschte keinen Wein, liess nichts fallen und versch\u00fcttete nichts &#8211; und trotzdem haben sich die G\u00e4ste k\u00f6niglich am\u00fcsiert.&#8220;<\/p>\n<p><span class=\"text\">Was hat denn Schorsch Bross als Kellner so an den Tischen gemacht?&#8220;<br \/>\n<\/span><span class=\"text\">Er k\u00fcmmerte sich eigentlich nur um den Wasserservice und die G\u00e4ste haben sich dabei totgelacht.&#8220;<\/span><\/p>\n<p>Man merkt, dass Sie Ihren Beruf lieben. Sie spielen mit so viel Herz!&#8220;<\/p>\n<p>Spontaner Ausrufes eines Gastes, w\u00e4hrend er Schorsch Bross spontan umarmte: &#8222;Schorsch, wir lieben Dich.&#8220;<\/p>\n<p>Frage an eine Agentur: &#8222;Was zeichnet ihn denn als K\u00fcnstler aus?&#8220; &#8222;Seine Vielfalt auf so hohem<br \/>\nNiveau und seine Entertainer-Energie, mit der er jeden und wirklich jeden Saal zu Begeisterungsst\u00fcrmen hinrei\u00dft.&#8220;<\/p>\n<p><strong><span class=\"text10fett\">Orte der Handlung:<\/span><\/strong><span class=\"textfett\"><br \/>\n<\/span><span class=\"text\">\u00fcberall wo getrunken und\/oder gegessen wird.<\/span><\/p>\n<p>&nbsp;<\/p>\n","protected":false},"excerpt":{"rendered":"<p>Hier wendet sich der Gast mit Freuden erster Akt.\u00a0Der Kellner geht los.\u00a0Verdecktes Theater.\u00a0Schorsch Bross sorgt sich &#8211; diskret und mit gehobenem Service &#8211; um das Wohl der G\u00e4ste. Er wird als normaler Kellner wahrgenommen. zweiter Akt.\u00a0Was ist mit dem Kellner los.\u00a0Die Grauzone.\u00a0Der Ausdruck eines Blickes, einer Bewegung oder einer Bemerkung ver\u00e4ndert sich um eine Spur. Die G\u00e4ste sp\u00fcren: irgendetwas stimmt mit dem Kellner nicht. dritter Akt.\u00a0Der Kellner legt los.\u00a0Improvisationstheater.\u00a0Mit Spontaneit\u00e4t, K\u00f6rpersprache, Sprachwitz, Slapstick und Schlagfertigkeit entwickelt sich zwischen Schorsch Bross und den G\u00e4sten ein verbales und non-verbales Spiel.\u00a0Improvisationstheater at its best. vierter Akt.\u00a0Der Kellner ist los.\u00a0B\u00fchnen &#8211; Show.\u00a0Als Abschlu\u00df zeigt Schorsch Bross seine B\u00fchnenshow. Dabei <a class=\"more-link\" href=\"https:\/\/www.schorschbross.de\/varietekunst\/wordpress\/index.php\/kellnertheater-hier-wendet-sich-der-gast-mit-freuden\/\">Weiterlesen&#8230;<\/a><\/p>\n","protected":false},"author":1,"featured_media":0,"parent":0,"menu_order":4,"comment_status":"open","ping_status":"open","template":"","meta":[],"aioseo_notices":[],"_links":{"self":[{"href":"https:\/\/www.schorschbross.de\/varietekunst\/wordpress\/index.php\/wp-json\/wp\/v2\/pages\/85"}],"collection":[{"href":"https:\/\/www.schorschbross.de\/varietekunst\/wordpress\/index.php\/wp-json\/wp\/v2\/pages"}],"about":[{"href":"https:\/\/www.schorschbross.de\/varietekunst\/wordpress\/index.php\/wp-json\/wp\/v2\/types\/page"}],"author":[{"embeddable":true,"href":"https:\/\/www.schorschbross.de\/varietekunst\/wordpress\/index.php\/wp-json\/wp\/v2\/users\/1"}],"replies":[{"embeddable":true,"href":"https:\/\/www.schorschbross.de\/varietekunst\/wordpress\/index.php\/wp-json\/wp\/v2\/comments?post=85"}],"version-history":[{"count":7,"href":"https:\/\/www.schorschbross.de\/varietekunst\/wordpress\/index.php\/wp-json\/wp\/v2\/pages\/85\/revisions"}],"predecessor-version":[{"id":368,"href":"https:\/\/www.schorschbross.de\/varietekunst\/wordpress\/index.php\/wp-json\/wp\/v2\/pages\/85\/revisions\/368"}],"wp:attachment":[{"href":"https:\/\/www.schorschbross.de\/varietekunst\/wordpress\/index.php\/wp-json\/wp\/v2\/media?parent=85"}],"curies":[{"name":"wp","href":"https:\/\/api.w.org\/{rel}","templated":true}]}}