{"id":328,"date":"2015-11-12T08:04:04","date_gmt":"2015-11-12T07:04:04","guid":{"rendered":"http:\/\/www.schorschbross.de\/varietekunst\/wordpress\/?page_id=328"},"modified":"2018-06-08T08:37:40","modified_gmt":"2018-06-08T06:37:40","slug":"kontakt","status":"publish","type":"page","link":"https:\/\/www.schorschbross.de\/varietekunst\/wordpress\/index.php\/kontakt\/","title":{"rendered":"Kontakt"},"content":{"rendered":"<p>Schorsch Bross<a href=\"http:\/\/www.schorschbross.de\/varietekunst\/wordpress\/wp-content\/uploads\/Hochradcomedy-mit-Schorsch-Bross.jpg\"><img decoding=\"async\" loading=\"lazy\" class=\"size-full wp-image-334 alignright\" src=\"http:\/\/www.schorschbross.de\/varietekunst\/wordpress\/wp-content\/uploads\/Hochradcomedy-mit-Schorsch-Bross.jpg\" alt=\"Hochradcomedy mit Schorsch Bross\" width=\"205\" height=\"300\" \/><\/a><br \/>\nSchulberg 6,<br \/>\nD-97500 Rudendorf<\/p>\n<p>Telefon: 0049 9536 1516<br \/>\nMail: info(at)schorschbross.de<br \/>\nwww.varietekunst.de<br \/>\nwww.joergtreiber.de<br \/>\n\n<div class=\"wpcf7 no-js\" id=\"wpcf7-f36-o1\" lang=\"de-DE\" dir=\"ltr\">\n<div class=\"screen-reader-response\"><p role=\"status\" aria-live=\"polite\" aria-atomic=\"true\"><\/p> <ul><\/ul><\/div>\n<form action=\"\/varietekunst\/wordpress\/index.php\/wp-json\/wp\/v2\/pages\/328#wpcf7-f36-o1\" method=\"post\" class=\"wpcf7-form init\" aria-label=\"Kontaktformular\" novalidate=\"novalidate\" data-status=\"init\">\n<div style=\"display: none;\">\n<input type=\"hidden\" name=\"_wpcf7\" value=\"36\" \/>\n<input type=\"hidden\" name=\"_wpcf7_version\" value=\"5.7.7\" \/>\n<input type=\"hidden\" name=\"_wpcf7_locale\" value=\"de_DE\" \/>\n<input type=\"hidden\" name=\"_wpcf7_unit_tag\" value=\"wpcf7-f36-o1\" \/>\n<input type=\"hidden\" name=\"_wpcf7_container_post\" value=\"0\" \/>\n<input type=\"hidden\" name=\"_wpcf7_posted_data_hash\" value=\"\" \/>\n<\/div>\n<p>Ihr Name (Pflichtfeld)\n<\/p>\n<p><span class=\"wpcf7-form-control-wrap\" data-name=\"your-name\"><input size=\"40\" class=\"wpcf7-form-control wpcf7-text wpcf7-validates-as-required\" aria-required=\"true\" aria-invalid=\"false\" value=\"\" type=\"text\" name=\"your-name\" \/><\/span>\n<\/p>\n<p>Ihre E-Mail-Adresse (Pflichtfeld)\n<\/p>\n<p><span class=\"wpcf7-form-control-wrap\" data-name=\"your-email\"><input size=\"40\" class=\"wpcf7-form-control wpcf7-text wpcf7-email wpcf7-validates-as-required wpcf7-validates-as-email\" aria-required=\"true\" aria-invalid=\"false\" value=\"\" type=\"email\" name=\"your-email\" \/><\/span>\n<\/p>\n<p>Betreff\n<\/p>\n<p><span class=\"wpcf7-form-control-wrap\" data-name=\"your-subject\"><input size=\"40\" class=\"wpcf7-form-control wpcf7-text\" aria-invalid=\"false\" value=\"\" type=\"text\" name=\"your-subject\" \/><\/span>\n<\/p>\n<p>Ihre Nachricht\n<\/p>\n<p><span class=\"wpcf7-form-control-wrap\" data-name=\"your-message\"><textarea cols=\"40\" rows=\"10\" class=\"wpcf7-form-control wpcf7-textarea\" aria-invalid=\"false\" name=\"your-message\"><\/textarea><\/span>\n<\/p>\n<p><input class=\"wpcf7-form-control has-spinner wpcf7-submit\" type=\"submit\" value=\"Senden\" \/>\n<\/p>\n<p>Mit dem Eintrag ihrer personenbezogenen Daten und der Best\u00e4tigung mit \"absenden\" erlauben sie uns, ihre Daten zur Bearbeitung ihres Kontaktgesuches zu speichern. Diese Daten werden nicht an Dritte weitergegeben.\n<\/p><div class=\"wpcf7-response-output\" aria-hidden=\"true\"><\/div>\n<\/form>\n<\/div>\n<\/p>\n<p>Die Fotos dieser Homepage sind von Navigo, Bremerhaven; Peter Leutsch,\u00a0\u00a0Alexander Brandl, Schwebheim; u.a.<\/p>\n<p>Die Homepage wurde gestaltet und umgesetzt von Schorsch Bross.<\/p>\n<p>Verantwortlich f\u00fcr die Homepage ist J\u00f6rg Treiber, Schulberg 6, 97500 Rudendorf, 0049 9536 1516, UId.Nr.: DE 132261438.<br \/>\nZum\u00a0<a href=\"http:\/\/www.schorschbross.de\/varietekunst\/wordpress\/index.php\/haftungsausschluss\">Haftungsausschlu\u00df und Datenschutzerkl\u00e4rung.<\/a><br \/>\nAlle Rechte, auch die f\u00fcr Vervielf\u00e4ltigung und Vorf\u00fchrung, auch auszugsweise, liegen bei Schorsch Bross bzw. den Photografen.<\/p>\n<p>&nbsp;<\/p>\n<p>&nbsp;<\/p>\n<p>&nbsp;<\/p>\n<p>&nbsp;<\/p>\n","protected":false},"excerpt":{"rendered":"<p>Schorsch Bross Schulberg 6, D-97500 Rudendorf Telefon: 0049 9536 1516 Mail: info(at)schorschbross.de www.varietekunst.de www.joergtreiber.de Die Fotos dieser Homepage sind von Navigo, Bremerhaven; Peter Leutsch,\u00a0\u00a0Alexander Brandl, Schwebheim; u.a. Die Homepage wurde gestaltet und umgesetzt von Schorsch Bross. Verantwortlich f\u00fcr die Homepage ist J\u00f6rg Treiber, Schulberg 6, 97500 Rudendorf, 0049 9536 1516, UId.Nr.: DE 132261438. Zum\u00a0Haftungsausschlu\u00df und Datenschutzerkl\u00e4rung. Alle Rechte, auch die f\u00fcr Vervielf\u00e4ltigung und Vorf\u00fchrung, auch auszugsweise, liegen bei Schorsch Bross bzw. den Photografen. &nbsp; &nbsp; &nbsp; &nbsp;<\/p>\n","protected":false},"author":1,"featured_media":0,"parent":0,"menu_order":0,"comment_status":"closed","ping_status":"closed","template":"","meta":[],"aioseo_notices":[],"_links":{"self":[{"href":"https:\/\/www.schorschbross.de\/varietekunst\/wordpress\/index.php\/wp-json\/wp\/v2\/pages\/328"}],"collection":[{"href":"https:\/\/www.schorschbross.de\/varietekunst\/wordpress\/index.php\/wp-json\/wp\/v2\/pages"}],"about":[{"href":"https:\/\/www.schorschbross.de\/varietekunst\/wordpress\/index.php\/wp-json\/wp\/v2\/types\/page"}],"author":[{"embeddable":true,"href":"https:\/\/www.schorschbross.de\/varietekunst\/wordpress\/index.php\/wp-json\/wp\/v2\/users\/1"}],"replies":[{"embeddable":true,"href":"https:\/\/www.schorschbross.de\/varietekunst\/wordpress\/index.php\/wp-json\/wp\/v2\/comments?post=328"}],"version-history":[{"count":12,"href":"https:\/\/www.schorschbross.de\/varietekunst\/wordpress\/index.php\/wp-json\/wp\/v2\/pages\/328\/revisions"}],"predecessor-version":[{"id":467,"href":"https:\/\/www.schorschbross.de\/varietekunst\/wordpress\/index.php\/wp-json\/wp\/v2\/pages\/328\/revisions\/467"}],"wp:attachment":[{"href":"https:\/\/www.schorschbross.de\/varietekunst\/wordpress\/index.php\/wp-json\/wp\/v2\/media?parent=328"}],"curies":[{"name":"wp","href":"https:\/\/api.w.org\/{rel}","templated":true}]}}