{"id":320,"date":"2015-11-11T10:06:09","date_gmt":"2015-11-11T09:06:09","guid":{"rendered":"http:\/\/www.schorschbross.de\/varietekunst\/wordpress\/?page_id=320"},"modified":"2023-06-28T14:40:49","modified_gmt":"2023-06-28T12:40:49","slug":"start","status":"publish","type":"page","link":"https:\/\/www.schorschbross.de\/varietekunst\/wordpress\/","title":{"rendered":"Ein K\u00fcnstler mit Herz,"},"content":{"rendered":"<p><strong>\u00a0der Menschen begeistert, ber\u00fchrt und bewegt.<\/strong><\/p>\n<p>Sie planen eine Gala, ein Jubil\u00e4um, eine Firmenfeier, eine Hochzeit, eine Produktpr\u00e4sention, ein Comedy-Kleinkunstfestival, einen Ball oder eine Variet\u00e9produktion?<\/p>\n<p>Schorsch Bross begeistert ihre Zuschauer und G\u00e4ste in verschiedenen Figuren, als klassischer Moderator, komischer Kellner, schr\u00e4ger Bayer, schw\u00fclstiger Artist, franz\u00f6sischer Koch oder schlechtgelaunter Polizist.<\/p>\n<p>Er\u00a0bereichert ihren Event mit seiner einzigartigen Kombination aus witzigem und akrobatischem Alphornwahn, Comedy-Jonglage auf dem Hochrad, traumhaften Seifenblasengebilden, skurrilem Obertongesang und er ist immer nah am Publikum mit der Leidenschaft zu improvisieren.<\/p>\n<p><a href=\"https:\/\/www.facebook.com\/schorsch.bross\"><img decoding=\"async\" loading=\"lazy\" class=\"alignnone size-full wp-image-487\" src=\"http:\/\/www.schorschbross.de\/varietekunst\/wordpress\/wp-content\/uploads\/Facebook_logo_36x36-e1551860143109.png\" alt=\"\" width=\"25\" height=\"25\" \/><\/a> \u00a0 <a href=\"https:\/\/www.instagram.com\/joergtreiber\/\"><img decoding=\"async\" loading=\"lazy\" class=\"alignnone size-full wp-image-488\" src=\"http:\/\/www.schorschbross.de\/varietekunst\/wordpress\/wp-content\/uploads\/600px-Instagram_logo_2016-e1551860123386.png\" alt=\"\" width=\"25\" height=\"25\" \/><\/a><\/p>\n","protected":false},"excerpt":{"rendered":"<p>\u00a0der Menschen begeistert, ber\u00fchrt und bewegt. Sie planen eine Gala, ein Jubil\u00e4um, eine Firmenfeier, eine Hochzeit, eine Produktpr\u00e4sention, ein Comedy-Kleinkunstfestival, einen Ball oder eine Variet\u00e9produktion? Schorsch Bross begeistert ihre Zuschauer und G\u00e4ste in verschiedenen Figuren, als klassischer Moderator, komischer Kellner, schr\u00e4ger Bayer, schw\u00fclstiger Artist, franz\u00f6sischer Koch oder schlechtgelaunter Polizist. Er\u00a0bereichert ihren Event mit seiner einzigartigen Kombination aus witzigem und akrobatischem Alphornwahn, Comedy-Jonglage auf dem Hochrad, traumhaften Seifenblasengebilden, skurrilem Obertongesang und er ist immer nah am Publikum mit der Leidenschaft zu improvisieren. \u00a0<\/p>\n","protected":false},"author":1,"featured_media":0,"parent":0,"menu_order":0,"comment_status":"closed","ping_status":"closed","template":"","meta":[],"aioseo_notices":[],"_links":{"self":[{"href":"https:\/\/www.schorschbross.de\/varietekunst\/wordpress\/index.php\/wp-json\/wp\/v2\/pages\/320"}],"collection":[{"href":"https:\/\/www.schorschbross.de\/varietekunst\/wordpress\/index.php\/wp-json\/wp\/v2\/pages"}],"about":[{"href":"https:\/\/www.schorschbross.de\/varietekunst\/wordpress\/index.php\/wp-json\/wp\/v2\/types\/page"}],"author":[{"embeddable":true,"href":"https:\/\/www.schorschbross.de\/varietekunst\/wordpress\/index.php\/wp-json\/wp\/v2\/users\/1"}],"replies":[{"embeddable":true,"href":"https:\/\/www.schorschbross.de\/varietekunst\/wordpress\/index.php\/wp-json\/wp\/v2\/comments?post=320"}],"version-history":[{"count":15,"href":"https:\/\/www.schorschbross.de\/varietekunst\/wordpress\/index.php\/wp-json\/wp\/v2\/pages\/320\/revisions"}],"predecessor-version":[{"id":513,"href":"https:\/\/www.schorschbross.de\/varietekunst\/wordpress\/index.php\/wp-json\/wp\/v2\/pages\/320\/revisions\/513"}],"wp:attachment":[{"href":"https:\/\/www.schorschbross.de\/varietekunst\/wordpress\/index.php\/wp-json\/wp\/v2\/media?parent=320"}],"curies":[{"name":"wp","href":"https:\/\/api.w.org\/{rel}","templated":true}]}}