{"id":29,"date":"2015-08-05T14:08:34","date_gmt":"2015-08-05T12:08:34","guid":{"rendered":"http:\/\/www.schorschbross.de\/varietekunst\/wordpress\/?page_id=29"},"modified":"2015-11-30T12:45:47","modified_gmt":"2015-11-30T11:45:47","slug":"vita","status":"publish","type":"page","link":"https:\/\/www.schorschbross.de\/varietekunst\/wordpress\/index.php\/vita\/","title":{"rendered":"Vita"},"content":{"rendered":"<p><span class=\"text\">An dieser Stelle m\u00f6chte ich meinen Lehrern danken, die mich auf meinem k\u00fcnstlerischen Weg begleitet haben:<\/span><\/p>\n<p><span class=\"textfett\">Pierre Byland<\/span><span class=\"text\">, Locarno: Clown, Maske und Improvisationstheater. Er \u00f6ffnete mir die T\u00fcr zum Spiel und zu meiner eigenen Komik.<\/span><\/p>\n<p><span class=\"textfett\">Jacques Lecoq<\/span><span class=\"text\">, Paris : Schauspiel und die plastische Umsetzung von B\u00fchnenarbeit. Vieles von dem was ich von diesem gro\u00dfartigen Theaterp\u00e4dagogen erfahren habe, werde ich erst in Jahren in seiner Vollkommenheit umsetzen k\u00f6nnen.<\/span><\/p>\n<p><span class=\"textfett\">The Actors Space<\/span><span class=\"text\">, Vic : theater-clowning. Vielen Dank an Marian Masoliver und Simon Edwards f\u00fcr zwei wunderbare Wochen des Improvisierens und Spielens an einem gro\u00dfartigen Platz. Und vielen Dank an Simon f\u00fcr seine kreative, inspirierende und einf\u00fchlsame Regie.\u00a0<a href=\"http:\/\/www.actors-space.org\/\">http:\/\/www.actors-space.org<\/a>\u00a0.<\/span><\/p>\n<p><span class=\"textfett\">Angela de Castro<\/span><span class=\"text\">, London: theater-clowning. Sie lehrt und lebt, was der &#8222;spirit of clowning&#8220; ist &#8211; sie brachte mir &#8222;das Spiel mit offenem Herzen&#8220; n\u00e4her. Vielen Dank an sie f\u00fcr ihre geduldige und so hilfreiche Regie, die ganz viel in Bewegung gebracht hat.<\/span><\/p>\n<p><span class=\"textfett\">Philippe Gaulier<\/span><span class=\"text\">, London: Spiel. Philippe danke ich, dass ich bei ihm manchmal l\u00e4nger als 30 Sekunden auf der B\u00fchne &#8222;\u00fcberlebt&#8220; habe und so viel \u00fcber Pr\u00e4senz gelernt habe.<br \/>\n<\/span><span class=\"text\"><br \/>\n<\/span><span class=\"textfett\">Jango Edwards<\/span><span class=\"text\">, Amsterdam: Clown und Slapstick. Nach der Arbeit mit Jango ahnte ich was Energie auf der B\u00fchne sein kann und hatte viel \u00fcber das Handwerk und das Timing von Komik gelernt.<\/span><\/p>\n<p><span class=\"textfett\">Rose Schnell<\/span><span class=\"text\">, D\u00fcsseldorfer Obertonchor: Obertonsingen. Sie machte mir mit viel Geduld meine Obert\u00f6ne bewu\u00dfter.<\/span><\/p>\n<p><span class=\"textfett\">Philip Sch\u00e4fer<\/span><span class=\"text\">, Bochum : Bouffons. Aus seiner Bouffonarbeit entwickelte sich mein &#8222;AntiCown&#8220;.<\/span><\/p>\n<p><span class=\"textfett\">Walter Fischer<\/span><span class=\"text\">, Kampfschwimmer und Schwimmtrainer, Gr\u00fcnwald: Er motivierte mich als Jugendlicher, meine Leistungsgrenzen immer wieder nach oben zu verschieben. Dies war f\u00fcr mein bis zu 8 Stunden t\u00e4gliches Artistiktraining von unsch\u00e4tzbarem Wert.\u00a0<\/span><\/p>\n<p>&nbsp;<\/p>\n<p><a href=\"http:\/\/www.schorschbross.de\/varietekunst\/wordpress\/wp-content\/uploads\/bearbeitet.jpg\"><img decoding=\"async\" loading=\"lazy\" class=\"wp-image-386 size-thumbnail alignleft\" src=\"http:\/\/www.schorschbross.de\/varietekunst\/wordpress\/wp-content\/uploads\/bearbeitet-150x150.jpg\" alt=\"bearbeitet\" width=\"150\" height=\"150\" srcset=\"https:\/\/www.schorschbross.de\/varietekunst\/wordpress\/wp-content\/uploads\/bearbeitet-150x150.jpg 150w, https:\/\/www.schorschbross.de\/varietekunst\/wordpress\/wp-content\/uploads\/bearbeitet-200x200.jpg 200w\" sizes=\"(max-width: 150px) 100vw, 150px\" \/><\/a>Mein Dank gilt auch meinen K\u00fcnstlerFreundinnen und K\u00fcnstlerFreunden , die mich durch die H\u00f6hen und Tiefen des B\u00fchnenlebens begleiten und begleitet haben:\u00a0<a href=\"http:\/\/www.reginajans.de\/\" target=\"_blank\">Regina Jans<\/a>, Cornelia Seiferth,\u00a0<a href=\"http:\/\/www.magic-maya.de\/\" target=\"_blank\">Maya Hasenbeck<\/a>,\u00a0<a href=\"http:\/\/www.dirkdenzer.com\/\" target=\"_blank\">Dirk Denzer<\/a>,\u00a0<a href=\"http:\/\/www.clown-jojo.de\/\" target=\"_blank\">Bruno Z\u00fchlke<\/a>,\u00a0<a href=\"http:\/\/www.maec-haerder.de\/\" target=\"_blank\">M\u00e4c H\u00e4rde<\/a>r und\u00a0<a href=\"http:\/\/www.annette-von-bamberg.de\/\" target=\"_blank\">Annette Grabiger<\/a>.<\/p>\n<p>&nbsp;<\/p>\n<p><span class=\"textfett\">Was habe ich so gemacht\u00a0und was mache ich sonst so:<br \/>\n<\/span><\/p>\n<p><span class=\"text\">1986 hatte ich meinen ersten Auftritt und 1990 habe ich meine Leidenschaft f\u00fcr die B\u00fchnenkunst zum Beruf gemacht.<\/span><\/p>\n<p><span class=\"text\">zwei Artistikb\u00fccher, unter meinem b\u00fcrgerlichen Namen J\u00f6rg Treiber geschrieben: Richtig jonglieren und Artistisches mit Einrad, Ball und Seil. Und als Co-Autor &#8222;Einradfahren &#8211; Moves und Tricks f\u00fcr Fortgeschrittene&#8220; im M &amp; M Verlag 2010.<\/span><\/p>\n<p><span class=\"text\">Schwimmen, Handball, Volleyball und Sportfechten als Leistungssport betrieben.<\/span><\/p>\n<p><span class=\"text\">Trainer f\u00fcr Leistungsschwimmen und Sportfechten gewesen.<\/span><\/p>\n<p><span class=\"text\">Als Dipl.Ing. (univ) in der Schweiz Gro\u00dfindustrieanlagen projektiert.<\/span><\/p>\n<p><span class=\"text\">Gelebt habe ich in M\u00fcnchen, Paris, bei Basel, in Portugal, in Bamberg und jetzt in Rudendorf.<\/span><\/p>\n<p><span class=\"text\">Ich spreche englisch, spanisch, italienisch und flie\u00dfend franz\u00f6sisch.<\/span><\/p>\n<p>Ich liebe die italienische K\u00fcche und &#8222;verw\u00fcste&#8220; gerne meine K\u00fcche \u00e0 la italiana.<\/p>\n<p><span class=\"text\">Windsurfen ist mit nun \u00fcber drei\u00dfig Jahren meine \u00e4lteste Leidenschaft. Es ist immer wieder ein wunderbares Gef\u00fchl im Sonnenaufgang bei Peler schwerelos \u00fcber das glitzernde Wasser des Gardasees zu gleiten. Hang loose!<\/span><\/p>\n<p>Fotografieren, bildhauen, malen sind f\u00fcr mich \u00a0Katalysatoren f\u00fcr Kreativit\u00e4t und somit eine wichtige Bereicherung meiner B\u00fchnenKunst. Hier gilt mein Dank Kurt Welther aus Wien, der mir das Sehen, die Farben und die Sinnlichkeit der Malerei n\u00e4her brachte. siehe auch\u00a0<a href=\"http:\/\/www.joergtreiber.de\/\" target=\"_blank\">www.joergtreiber.de<\/a><\/p>\n<p>Und das Bogenschie\u00dfen hat mit gro\u00dfer Kraft Raum in meinem Alltag gefunden. Ich freue mich auf den langen Weg, der hier noch vor mir liegt. Danke an Berthold Griebel und die Sch\u00fctzen vom PBC Breiteng\u00fc\u00dfbach f\u00fcr ihre Geduld und ihr immer offenes Ohr. Alle ins Gold!<\/p>\n<p>Das Wichtigste zum Schlu\u00df: Ohne die Inspiration, den Halt, die Weisheit und die Kraft der Lehren von Seiner Heiligkeit dem Dalai Lama, von Thich Nath Hanh und Matthieu Ricard h\u00e4tte sich mir mein spiritueller Weg nicht er\u00f6ffnet. Tiefer Dank daf\u00fcr &#8211; auch an alle anderen spirituellen Meister und Meisterinnen, die so viel Gutes in dieser Welt bewegen.<\/p>\n<p><span class=\"text\">Mein Lebenstraum?<br \/>\n<\/span><span class=\"text\">Dass ich weiterhin auf meinem Lebensweg gl\u00fccklich unterwegs sein darf wie bisher, und dass ich immer den Mut, die Kraft und die Weisheit habe diesen Weg zu gehen.<\/span><\/p>\n<p>&nbsp;<\/p>\n","protected":false},"excerpt":{"rendered":"<p>An dieser Stelle m\u00f6chte ich meinen Lehrern danken, die mich auf meinem k\u00fcnstlerischen Weg begleitet haben: Pierre Byland, Locarno: Clown, Maske und Improvisationstheater. Er \u00f6ffnete mir die T\u00fcr zum Spiel und zu meiner eigenen Komik. Jacques Lecoq, Paris : Schauspiel und die plastische Umsetzung von B\u00fchnenarbeit. Vieles von dem was ich von diesem gro\u00dfartigen Theaterp\u00e4dagogen erfahren habe, werde ich erst in Jahren in seiner Vollkommenheit umsetzen k\u00f6nnen. The Actors Space, Vic : theater-clowning. Vielen Dank an Marian Masoliver und Simon Edwards f\u00fcr zwei wunderbare Wochen des Improvisierens und Spielens an einem gro\u00dfartigen Platz. Und vielen Dank an Simon f\u00fcr seine kreative, inspirierende und einf\u00fchlsame Regie.\u00a0http:\/\/www.actors-space.org\u00a0. <a class=\"more-link\" href=\"https:\/\/www.schorschbross.de\/varietekunst\/wordpress\/index.php\/vita\/\">Weiterlesen&#8230;<\/a><\/p>\n","protected":false},"author":1,"featured_media":0,"parent":0,"menu_order":0,"comment_status":"open","ping_status":"open","template":"","meta":[],"aioseo_notices":[],"_links":{"self":[{"href":"https:\/\/www.schorschbross.de\/varietekunst\/wordpress\/index.php\/wp-json\/wp\/v2\/pages\/29"}],"collection":[{"href":"https:\/\/www.schorschbross.de\/varietekunst\/wordpress\/index.php\/wp-json\/wp\/v2\/pages"}],"about":[{"href":"https:\/\/www.schorschbross.de\/varietekunst\/wordpress\/index.php\/wp-json\/wp\/v2\/types\/page"}],"author":[{"embeddable":true,"href":"https:\/\/www.schorschbross.de\/varietekunst\/wordpress\/index.php\/wp-json\/wp\/v2\/users\/1"}],"replies":[{"embeddable":true,"href":"https:\/\/www.schorschbross.de\/varietekunst\/wordpress\/index.php\/wp-json\/wp\/v2\/comments?post=29"}],"version-history":[{"count":5,"href":"https:\/\/www.schorschbross.de\/varietekunst\/wordpress\/index.php\/wp-json\/wp\/v2\/pages\/29\/revisions"}],"predecessor-version":[{"id":387,"href":"https:\/\/www.schorschbross.de\/varietekunst\/wordpress\/index.php\/wp-json\/wp\/v2\/pages\/29\/revisions\/387"}],"wp:attachment":[{"href":"https:\/\/www.schorschbross.de\/varietekunst\/wordpress\/index.php\/wp-json\/wp\/v2\/media?parent=29"}],"curies":[{"name":"wp","href":"https:\/\/api.w.org\/{rel}","templated":true}]}}