{"id":272,"date":"2015-11-04T13:08:44","date_gmt":"2015-11-04T12:08:44","guid":{"rendered":"http:\/\/www.schorschbross.de\/varietekunst\/wordpress\/?page_id=272"},"modified":"2023-02-03T09:32:04","modified_gmt":"2023-02-03T08:32:04","slug":"kunden","status":"publish","type":"page","link":"https:\/\/www.schorschbross.de\/varietekunst\/wordpress\/index.php\/kunden\/","title":{"rendered":"Referenzen"},"content":{"rendered":"<div align=\"left\">\n<p><span class=\"text\"><span class=\"text10fett\"><a href=\"http:\/\/www.schorschbross.de\/varietekunst\/wordpress\/wp-content\/uploads\/Unternehmen-f\u00fcr-die-Schorsch-Bross-aufgetreten-ist-1.jpg\"><img decoding=\"async\" loading=\"lazy\" class=\"alignnone size-medium wp-image-289\" style=\"display: none !important;\" src=\"http:\/\/www.schorschbross.de\/varietekunst\/wordpress\/wp-content\/uploads\/Unternehmen-f\u00fcr-die-Schorsch-Bross-aufgetreten-ist-1-120x300.jpg\" alt=\"Unternehmen f\u00fcr die Schorsch Bross aufgetreten ist 1\" width=\"120\" height=\"300\" \/><\/a><a href=\"http:\/\/www.schorschbross.de\/varietekunst\/wordpress\/wp-content\/uploads\/Unternehmen-f\u00fcr-die-Schorsch-Bross-aufgetreten-ist-1.jpg\"><img decoding=\"async\" loading=\"lazy\" class=\"size-full wp-image-290 alignleft\" src=\"http:\/\/www.schorschbross.de\/varietekunst\/wordpress\/wp-content\/uploads\/Unternehmen-f\u00fcr-die-Schorsch-Bross-aufgetreten-ist-1.jpg\" alt=\"Unternehmen f\u00fcr die Schorsch Bross aufgetreten ist 1\" width=\"120\" height=\"300\" \/><\/a>A<a href=\"http:\/\/www.schorschbross.de\/varietekunst\/wordpress\/wp-content\/uploads\/Unternehmen-f\u00fcr-die-Schorsch-Bross-aufgetreten-ist-1.jpg\"><img decoding=\"async\" loading=\"lazy\" class=\"alignnone size-medium wp-image-288\" style=\"display: none !important;\" src=\"http:\/\/www.schorschbross.de\/varietekunst\/wordpress\/wp-content\/uploads\/Unternehmen-f\u00fcr-die-Schorsch-Bross-aufgetreten-ist-1-120x300.jpg\" alt=\"Unternehmen f\u00fcr die Schorsch Bross aufgetreten ist 1\" width=\"120\" height=\"300\" \/><\/a><a href=\"http:\/\/www.schorschbross.de\/varietekunst\/wordpress\/wp-content\/uploads\/Unternehmen-f\u00fcr-die-Schorsch-Bross-aufgetreten-ist-1.jpg\"><img decoding=\"async\" loading=\"lazy\" class=\"alignnone size-medium wp-image-289\" style=\"display: none !important;\" src=\"http:\/\/www.schorschbross.de\/varietekunst\/wordpress\/wp-content\/uploads\/Unternehmen-f\u00fcr-die-Schorsch-Bross-aufgetreten-ist-1-120x300.jpg\" alt=\"Unternehmen f\u00fcr die Schorsch Bross aufgetreten ist 1\" width=\"120\" height=\"300\" \/><\/a><\/span>DAC &#8211; Adler Lacke &#8211; Adobe &#8211; AEG &#8211; Astra Zeneka &#8211; A.t. Kearney &#8211; Aachener und M\u00fcnchener &#8211; Aktienbrauereie Kaufbeuren &#8211; Akzo Nobel &#8211; Arbeiterwohlfahrt &#8211; Arcor &#8211; Ardex &#8211; Areva NP &#8211; Audi &#8211; Aveva &#8211; AWD &#8211; AWO &#8211; <span class=\"text10fett\">B<\/span>aden-W\u00fcrttembergische Bank &#8211; Bank f\u00fcr Tirol und Vorarlberg<\/span><\/p>\n<p><span class=\"text\">Balzers &#8211; BASF &#8211; Baur &#8211; Bausch &amp; Str\u00f6bel &#8211; Bayern 1 &#8211; Beckmann Coulter &#8211; BEN Buchele &#8211; BLV Verlag &#8211; BMW &#8211; Boehringer Ingelheim &#8211; Bosch &#8211; Bosch Rexroth &#8211; Braas &#8211; Bridgestone &#8211; Brohl Wellpappe &#8211; Bruxafol &#8211; Buchstelle des bayerischen Bauernverbandes<\/span><\/p>\n<p><span class=\"text\"><span class=\"text10fett\">C<\/span>arrier &#8211; Camel &#8211; C &amp; A &#8211; CBS Conmeth -Cellofoam &#8211; Citibank &#8211; Commerzbank &#8211; Cortal Consors &#8211; C-Team <\/span><\/p>\n<p><span class=\"text\"><span class=\"text10fett\">D<\/span>aimlerChrysler &#8211; Datev &#8211; Depfa Bank &#8211; Deutsche Airbus &#8211; Deutsche Bundesbahn &#8211; Deutsche Funkturm &#8211; Deutsche Post &#8211; Deutsche Verm\u00f6gensberatung &#8211; Digatron &#8211; Digital &#8211; DKV &#8211; Don Bosco Jugendwerk Bamberg &#8211; Drupa Party 2000<\/span><\/p>\n<p><span class=\"text\"><span class=\"text10fett\">Eberhardt &#8211; E<\/span>bitsch Energietechnik &#8211; Effem Sailes &#8211; E.G.O. &#8211; Emc\u00b2 &#8211;\u00a0ESVK &#8211; EZcon<\/span><\/p>\n<p><span class=\"text\"><span class=\"text10fett\"><br \/>\nF<\/span>AG &#8211; Falken Verlag &#8211; Fr\u00e4nkische Rohrwerke &#8211; Framatome ANP &#8211; Fresenius Kabi &#8211; Fresenius Medical Care -Friatec<\/span><\/p>\n<p><span class=\"text\"><span class=\"text10fett\">G<\/span>elco &#8211; Geo Center &#8211; Gewerkschaft der Polizei &#8211; Gira &#8211; Gl\u00fcckauf Sondershausen &#8211; G\u00f6ttfert &#8211; Gorges Tent.event &#8211; Govi Verlag &#8211; Grohe &#8211; Grundfos<\/span><\/p>\n<p><span class=\"text\"><span class=\"text10fett\">H<\/span>amburg Mannheimer &#8211; Hassfurt &#8211; HDI &#8211; Hevert &#8211; Holzbau Br\u00e4uer &#8211; hogast<\/span><\/p>\n<p><span class=\"text10fett\">I<\/span><span class=\"text\">nge &#8211; IVAG &#8211; <span class=\"text10fett\">J<\/span>ab Anstoetz &#8211; Jaguar &#8211; Johnson Control<\/span><\/p>\n<p><span class=\"text\"><span class=\"text10fett\"><br \/>\n<a href=\"http:\/\/www.schorschbross.de\/varietekunst\/wordpress\/wp-content\/uploads\/Unternehmen-f\u00fcr-die-Schorsch-Bross-aufgetreten-ist-11.jpg\"><img decoding=\"async\" loading=\"lazy\" class=\"size-full wp-image-358 alignleft\" src=\"http:\/\/www.schorschbross.de\/varietekunst\/wordpress\/wp-content\/uploads\/Unternehmen-f\u00fcr-die-Schorsch-Bross-aufgetreten-ist-11.jpg\" alt=\"Unternehmen f\u00fcr die Schorsch Bross aufgetreten ist 1\" width=\"120\" height=\"300\" \/><\/a> <span class=\"text10fett\">K<\/span>&amp;K Stieglbr\u00e4u &#8211; Karat &#8211; KKT Kraus &#8211; K\u00e4serei Bayreuth &#8211; Kaufland &#8211; Kneer &#8211; Knixa &#8211; K\u00f6stner &#8211; Kneitschel &#8211; Kreissparkassen &#8211; Kupsch &#8211; K\u00fcpers &#8211; K\u00fcppersbusch &#8211; KWM Karl Weisshaar<\/span><\/span><\/p>\n<p><span class=\"text\">Landkreis Hassberge &#8211; LBS &#8211; Lego &#8211; Leoni &#8211; Lexmark &#8211; Logserv &#8211; Lundbeck<\/span><\/p>\n<p><span class=\"text\"><span class=\"text10fett\">M<\/span>AN Turbo &#8211; Mandat Managementberatung &#8211; Max Hueber Verlag &#8211; Max Weishaupt &#8211; May &amp; Spies &#8211; Mc Donald &#8211; McKinzey &#8211; Media Markt &#8211; Messecenter Graz &#8211; mondi &#8211; M\u00fcnchener Hausbank &#8211; M\u00fcnchner Merkur &#8211; Max Aicher &#8211; Max Punkt &#8211; M+S Elektronik &#8211; Math\u00e4us Schmid <\/span><\/p>\n<p><span class=\"text\">Nordbayerischer Kurier &#8211;\u00a0<span class=\"text10fett\">N<\/span>ovartis &#8211; Nycomed<\/span><\/p>\n<p><span class=\"text\"><span class=\"text10fett\">O<\/span>BI &#8211; Odenwald Konserven &#8211; Opel &#8211; Opel Suisse &#8211; Optima<\/span><\/p>\n<p><span class=\"text\"><span class=\"text10fett\">P<\/span>ari GmbH &#8211; Paulaner Br\u00e4u &#8211; Pfizer &#8211; Planex &#8211; Gewerkschaft der Polizei &#8211; Porsche Austria &#8211; Porta M\u00f6bel &#8211; Probst &#8211;\u00a0<span class=\"text10fett\">Q<\/span>uelle<\/span><\/p>\n<p><span class=\"text\"><span class=\"text10fett\">R<\/span>abobank &#8211; RAG &#8211; Raiffeisen-Volksbank &#8211; Rank Xerox &#8211; Reckitt Benkiser &#8211; Regal &#8211; Rehau &#8211; Renault &#8211; REWE &#8211; Rhein Chemie &#8211; Richter &amp; Frenzel &#8211; Reader&#8217;s Digest &#8211; Reulbach Metallbau &#8211; Riedel Bau &#8211; Roche Diagnostics &#8211; Rover &#8211; R+V Versicherung &#8211; RZV<\/span><\/p>\n<p><span class=\"text\"><span class=\"text10fett\">S<\/span>AP &#8211; SAH &#8211; Schaeffler &#8211; Schamel &#8211; Schenker &#8211; Schick Dental &#8211; Schmersal &#8211; Schwan Stabilo &#8211; Schwarzkopf &#8211; Siemens &#8211; Siemens Mobile &#8211; Sigikid &#8211; Skoda Austria &#8211; SKF &#8211; S\u00f6hngen &#8211; Sonepar &#8211; Sparkassen &#8211; Stadt Biberach &#8211; Stadt Hassfurt &#8211; Stadt N\u00fcrnberg &#8211; Stadt Regensburg &#8211; St. Anna Krankenhaus Sulzbach-Rosenberg &#8211; Standart Life &#8211; Standox &#8211; Sterling Software &#8211; Straub Autovermietung &#8211; S\u00fcddeutsche Krankenversicherung<\/span><\/p>\n<p><span class=\"text\"><span class=\"text10fett\"><a href=\"http:\/\/www.schorschbross.de\/varietekunst\/wordpress\/wp-content\/uploads\/Unternehmen-f\u00fcr-die-Schorsch-Bross-aufgetreten-ist-3.jpg\"><img decoding=\"async\" loading=\"lazy\" class=\"size-full wp-image-360 alignleft\" src=\"http:\/\/www.schorschbross.de\/varietekunst\/wordpress\/wp-content\/uploads\/Unternehmen-f\u00fcr-die-Schorsch-Bross-aufgetreten-ist-3.jpg\" alt=\"Unternehmen f\u00fcr die Schorsch Bross aufgetreten ist 3\" width=\"120\" height=\"300\" \/><\/a>T<\/span>DI Grand-Prix &#8211; TelAir &#8211; Telekurs EuroPay &#8211; Tepperwein &#8211; T-Mobil &#8211; T-Online &#8211; Telekom &#8211; Thyssen H\u00fcnnebeck<\/span><\/p>\n<p>ULLI Baugruppe<\/p>\n<p><span class=\"text\"><span class=\"text10fett\">V<\/span>an Hees &#8211; Vectronix &#8211; Veltins &#8211; Venturion &#8211; Veolia Water &#8211; Victoria Versicherungen &#8211; Voestalpine &#8211; Voith Hydro &#8211; Volksbanken &#8211; Volksf\u00fcrsorge &#8211; Vorwerk &#8211; VS Sanit\u00e4r Austria &#8211; VW &#8211; VWR International<\/span><\/p>\n<p><span class=\"text\"><span class=\"text10fett\">W<\/span>arema Renkhoff -Weka &#8211; Wintersteiger &#8211; Wolf Tabakwaren &#8211; W\u00fcrth &#8211; Weihenstephan &#8211; Wella &#8211; Wieland &#8211; Wiener Stadthalle &#8211; Wirtschaftsclub Bamberg<\/span><\/p>\n<p><span class=\"text\"><span class=\"text10fett\">Z<\/span>apf Creation<\/span><\/p>\n<p><span class=\"text10fett\"><strong>Verb\u00e4nde der\/von<\/strong>:\u00a0\u00a0<\/span>\u00c4rzte &#8211; Apotheker &#8211; Landesverband Bayerische Bauinnungen &#8211; Bauunternehmer &#8211; B\u00e4cker &#8211; Betonbohren- und S\u00e4gen &#8211; Bund Naturschutz &#8211; Dachdecker &#8211; Gipsindustrie &#8211; Verkehrsunternehmer &#8211; Eisenwarenh\u00e4ndler &#8211; Hoteliers &#8211; Kassenzahn\u00e4rzte &#8211; K\u00fcchenhersteller &#8211; \u00f6sterreichischen Raiffeisenbanken &#8211; Optiker &#8211; papierverarbeitende Industrie &#8211; Pharmazeuten &#8211; Sparkassen &#8211; S\u00fc\u00dfwarenfabrikanten &#8211; Wirte &#8211; Wirtschaftsjunioren &#8211; Zahn\u00e4rzte &#8211; Ziegelindustrie etc.<\/p>\n<\/div>\n<p><strong>V<\/strong><span class=\"text\"><span class=\"text10fett\"><strong>ariet\u00e9produktionen, Festivals und TV<\/strong><br \/>\n<\/span>ZDF &#8222;immer wieder sonntags&#8220;, &#8222;1,2 oder3&#8220;, mood indigo Mumbai &#8211; Maffeispiele &#8211; K\u00f6nigliches Variet\u00e9 Festival F\u00fcssen &#8211; Int. Gaukler- und Kleinkunstfestival Koblenz <span class=\"text10fett\"><span class=\"text10fett\">&#8211; V<\/span><\/span>ariet\u00e9 Festival &#8222;Magische Momente&#8220; &#8211; Heidelberger Schloss &#8211; GOP Variet\u00e9 Bad Oeynhausen &#8211; Steintor Variet\u00e9 &#8211; Europ\u00e4ische Jonglierconvention &#8211; Stadtfest Sonneberg &#8211; Nacht der Museen Stuttgart &#8211; Goldschl\u00e4ger Nacht Schwabach, blaue Nacht N\u00fcrnberg &#8211; <span class=\"text10fett\"><span class=\"text10fett\">N<\/span><\/span>ight of the Proms, Nizza &#8211; Apollo Variet\u00e9 &#8211; Bocksprungb\u00fchnen &#8211; Comedy Arts Festival Moers &#8211; Et Cetera Variet\u00e9 &#8211; Seidenpalast Krefeld &#8211; Variet\u00e9 Traumwerk &#8211;\u00a0<span class=\"text10fett\"><span class=\"text10fett\">K<\/span><\/span>unstschiene Innsbruck &#8211; s\u00fcdhess. Kulturspektakel &#8211; Gassenhauer Heppenheim &#8211; Jahrmarkt der Tr\u00e4ume &#8211;\u00a0<span class=\"text10fett\"><span class=\"text10fett\">R<\/span><\/span>heingau Festival &#8211; Sternenzelt &#8211; Schlo\u00dfplatzfest Coburg &#8211;\u00a0<\/span><span class=\"text10fett\">F<\/span><span class=\"text\">estivals in Bern, Zug, La Chauds de Fonds, Freiburg, Osterode uvm.<\/span><\/p>\n","protected":false},"excerpt":{"rendered":"<p>ADAC &#8211; Adler Lacke &#8211; Adobe &#8211; AEG &#8211; Astra Zeneka &#8211; A.t. Kearney &#8211; Aachener und M\u00fcnchener &#8211; Aktienbrauereie Kaufbeuren &#8211; Akzo Nobel &#8211; Arbeiterwohlfahrt &#8211; Arcor &#8211; Ardex &#8211; Areva NP &#8211; Audi &#8211; Aveva &#8211; AWD &#8211; AWO &#8211; Baden-W\u00fcrttembergische Bank &#8211; Bank f\u00fcr Tirol und Vorarlberg Balzers &#8211; BASF &#8211; Baur &#8211; Bausch &amp; Str\u00f6bel &#8211; Bayern 1 &#8211; Beckmann Coulter &#8211; BEN Buchele &#8211; BLV Verlag &#8211; BMW &#8211; Boehringer Ingelheim &#8211; Bosch &#8211; Bosch Rexroth &#8211; Braas &#8211; Bridgestone &#8211; Brohl Wellpappe &#8211; Bruxafol &#8211; Buchstelle des bayerischen Bauernverbandes Carrier &#8211; Camel &#8211; C &amp; A &#8211; CBS Conmeth <a class=\"more-link\" href=\"https:\/\/www.schorschbross.de\/varietekunst\/wordpress\/index.php\/kunden\/\">Weiterlesen&#8230;<\/a><\/p>\n","protected":false},"author":1,"featured_media":0,"parent":0,"menu_order":0,"comment_status":"closed","ping_status":"closed","template":"","meta":[],"aioseo_notices":[],"_links":{"self":[{"href":"https:\/\/www.schorschbross.de\/varietekunst\/wordpress\/index.php\/wp-json\/wp\/v2\/pages\/272"}],"collection":[{"href":"https:\/\/www.schorschbross.de\/varietekunst\/wordpress\/index.php\/wp-json\/wp\/v2\/pages"}],"about":[{"href":"https:\/\/www.schorschbross.de\/varietekunst\/wordpress\/index.php\/wp-json\/wp\/v2\/types\/page"}],"author":[{"embeddable":true,"href":"https:\/\/www.schorschbross.de\/varietekunst\/wordpress\/index.php\/wp-json\/wp\/v2\/users\/1"}],"replies":[{"embeddable":true,"href":"https:\/\/www.schorschbross.de\/varietekunst\/wordpress\/index.php\/wp-json\/wp\/v2\/comments?post=272"}],"version-history":[{"count":11,"href":"https:\/\/www.schorschbross.de\/varietekunst\/wordpress\/index.php\/wp-json\/wp\/v2\/pages\/272\/revisions"}],"predecessor-version":[{"id":504,"href":"https:\/\/www.schorschbross.de\/varietekunst\/wordpress\/index.php\/wp-json\/wp\/v2\/pages\/272\/revisions\/504"}],"wp:attachment":[{"href":"https:\/\/www.schorschbross.de\/varietekunst\/wordpress\/index.php\/wp-json\/wp\/v2\/media?parent=272"}],"curies":[{"name":"wp","href":"https:\/\/api.w.org\/{rel}","templated":true}]}}