{"id":27,"date":"2015-08-05T14:07:56","date_gmt":"2015-08-05T12:07:56","guid":{"rendered":"http:\/\/www.schorschbross.de\/varietekunst\/wordpress\/?page_id=27"},"modified":"2015-11-12T11:48:54","modified_gmt":"2015-11-12T10:48:54","slug":"verzehrtheater","status":"publish","type":"page","link":"https:\/\/www.schorschbross.de\/varietekunst\/wordpress\/index.php\/verzehrtheater\/","title":{"rendered":"Verzehrtheater"},"content":{"rendered":"<p>Bei einem Abend mit einem mehrg\u00e4ngigem Men\u00fc f\u00fchrt Schorsch Bross zwischen den G\u00e4ngen in verschiedenen Figuren durch den Abend. So begeistert er die G\u00e4ste mit seinen Showteilen, seinem schauspielerischen und komm\u00f6diantischen Talent, sowie seiner Kunst und Leidenschaft zu improvisieren.<\/p>\n<p><span class=\"text\">Der Nordbayerische Kurier schreibt:&#8220;<\/span><span class=\"text\">&#8230;. Dazu eine Ein-Mann-Show, die keine Grenzen kennt und ein Mann, der in jeder seiner Rollen so authentisch wirkt, als w\u00e4re er nicht einer, sondern eine ganze Truppe: der Artist und Schauspieler Schorsch Bross. Bross ist ein Multitalent, der von Unterfranken aus Europa begl\u00fcckt, der Sachen macht, die sonst keiner macht: zum Beispiel als barf\u00fc\u00dfiger Bayer im Kopfstand Alphorn spielen. Oder das Alphorn auf den Lippen balancierend treffsicher zum T\u00f6nen zu bringen. Er war an diesem Donnerstagabend kurzweiliger Akrobat, Conf\u00e9rencier, kam als zum F\u00fcrchten echter Polizist, federte als der schwule Schorsch durchs Publikum und suchte sich immer wieder seine Opfer aus den gut gelaunten rund 140 Besuchern&#8230;&#8220; Text und Fotos von Eric Waha,\u00a0<a href=\"http:\/\/www.ericwaha.de\/\" target=\"_blank\">www.ericwaha.de<\/a>.<\/span><\/p>\n<p><a href=\"http:\/\/www.schorschbross.de\/varietekunst\/wordpress\/wp-content\/uploads\/verzehrtheater-3-figuren.jpg\"><img decoding=\"async\" loading=\"lazy\" class=\"alignnone size-full wp-image-300\" src=\"http:\/\/www.schorschbross.de\/varietekunst\/wordpress\/wp-content\/uploads\/verzehrtheater-3-figuren.jpg\" alt=\"verzehrtheater 3 figuren\" width=\"618\" height=\"300\" srcset=\"https:\/\/www.schorschbross.de\/varietekunst\/wordpress\/wp-content\/uploads\/verzehrtheater-3-figuren.jpg 618w, https:\/\/www.schorschbross.de\/varietekunst\/wordpress\/wp-content\/uploads\/verzehrtheater-3-figuren-300x146.jpg 300w\" sizes=\"(max-width: 618px) 100vw, 618px\" \/><\/a><\/p>\n","protected":false},"excerpt":{"rendered":"<p>Bei einem Abend mit einem mehrg\u00e4ngigem Men\u00fc f\u00fchrt Schorsch Bross zwischen den G\u00e4ngen in verschiedenen Figuren durch den Abend. So begeistert er die G\u00e4ste mit seinen Showteilen, seinem schauspielerischen und komm\u00f6diantischen Talent, sowie seiner Kunst und Leidenschaft zu improvisieren. Der Nordbayerische Kurier schreibt:&#8220;&#8230;. Dazu eine Ein-Mann-Show, die keine Grenzen kennt und ein Mann, der in jeder seiner Rollen so authentisch wirkt, als w\u00e4re er nicht einer, sondern eine ganze Truppe: der Artist und Schauspieler Schorsch Bross. Bross ist ein Multitalent, der von Unterfranken aus Europa begl\u00fcckt, der Sachen macht, die sonst keiner macht: zum Beispiel als barf\u00fc\u00dfiger Bayer im Kopfstand Alphorn spielen. Oder das Alphorn <a class=\"more-link\" href=\"https:\/\/www.schorschbross.de\/varietekunst\/wordpress\/index.php\/verzehrtheater\/\">Weiterlesen&#8230;<\/a><\/p>\n","protected":false},"author":1,"featured_media":0,"parent":0,"menu_order":2,"comment_status":"open","ping_status":"open","template":"","meta":[],"aioseo_notices":[],"_links":{"self":[{"href":"https:\/\/www.schorschbross.de\/varietekunst\/wordpress\/index.php\/wp-json\/wp\/v2\/pages\/27"}],"collection":[{"href":"https:\/\/www.schorschbross.de\/varietekunst\/wordpress\/index.php\/wp-json\/wp\/v2\/pages"}],"about":[{"href":"https:\/\/www.schorschbross.de\/varietekunst\/wordpress\/index.php\/wp-json\/wp\/v2\/types\/page"}],"author":[{"embeddable":true,"href":"https:\/\/www.schorschbross.de\/varietekunst\/wordpress\/index.php\/wp-json\/wp\/v2\/users\/1"}],"replies":[{"embeddable":true,"href":"https:\/\/www.schorschbross.de\/varietekunst\/wordpress\/index.php\/wp-json\/wp\/v2\/comments?post=27"}],"version-history":[{"count":5,"href":"https:\/\/www.schorschbross.de\/varietekunst\/wordpress\/index.php\/wp-json\/wp\/v2\/pages\/27\/revisions"}],"predecessor-version":[{"id":301,"href":"https:\/\/www.schorschbross.de\/varietekunst\/wordpress\/index.php\/wp-json\/wp\/v2\/pages\/27\/revisions\/301"}],"wp:attachment":[{"href":"https:\/\/www.schorschbross.de\/varietekunst\/wordpress\/index.php\/wp-json\/wp\/v2\/media?parent=27"}],"curies":[{"name":"wp","href":"https:\/\/api.w.org\/{rel}","templated":true}]}}