{"id":130,"date":"2015-10-27T16:09:58","date_gmt":"2015-10-27T15:09:58","guid":{"rendered":"http:\/\/www.schorschbross.de\/varietekunst\/wordpress\/?page_id=130"},"modified":"2015-11-12T11:51:28","modified_gmt":"2015-11-12T10:51:28","slug":"hochzeitslader","status":"publish","type":"page","link":"https:\/\/www.schorschbross.de\/varietekunst\/wordpress\/index.php\/hochzeitslader\/","title":{"rendered":"Hochzeitslader"},"content":{"rendered":"<p>Schorsch Bross ist als<strong>\u00a0moderner Hochzeitslader<\/strong>\u00a0der rote Faden Ihrer Hochzeit:<\/p>\n<p>Schon im Vorfeld unterst\u00fctzt er das Brautpaar\u00a0bei der Planung des Ablaufes des Abends der\u00a0Hochzeit und\u00a0beim Einbinden der G\u00e4stedarbietungen. Auf Wunsch nat\u00fcrlich auch ohne,\u00a0dass das\u00a0Brautpaar, Genaueres \u00fcber die \u00dcberraschungsauftritte Ihrer G\u00e4ste erf\u00e4hrt.<\/p>\n<p>Schorsch Bross ist Komiker, Artist, Alphornspieler, Seifenblasenk\u00fcnstler,\u00a0Obertons\u00e4nger und Conf\u00e9rencier. Energiegeladene Comedy, hohes artistisches K\u00f6nnen,\u00a0skurrile Kl\u00e4nge und poetische Seifenblasen verbindet er auf liebenswerte Art zu einzigartigen Nummern.<\/p>\n<p><img decoding=\"async\" loading=\"lazy\" class=\"wp-image-218 size-medium alignleft\" src=\"http:\/\/www.schorschbross.de\/varietekunst\/wordpress\/wp-content\/uploads\/liebesgesang-300x200.jpg\" alt=\"Oberton-Liebesgesang und einem Regen von Rosenbl\u00e4ttern\" width=\"300\" height=\"200\" srcset=\"https:\/\/www.schorschbross.de\/varietekunst\/wordpress\/wp-content\/uploads\/liebesgesang-300x200.jpg 300w, https:\/\/www.schorschbross.de\/varietekunst\/wordpress\/wp-content\/uploads\/liebesgesang.jpg 640w\" sizes=\"(max-width: 300px) 100vw, 300px\" \/>So gestaltet er mit seinen eigenen Darbietungen, dem Essen, der Musik und ggfs.\u00a0mit den \u00dcberraschungsauftritten der G\u00e4ste einen runden, abwechslungsreichen und\u00a0unvergesslichen Abend ihrer Hochzeit. Als Schnittstelle zwischen K\u00fcche, Service, Musik und K\u00fcnstlern sorgt er an dem Abend mit 25 Jahren Eventerfahrung f\u00fcr einen reibungslosen Ablauf.<\/p>\n<p>(in deutsch, engl., franz., ital., oder bayerisch)<\/p>\n<p>&nbsp;<\/p>\n","protected":false},"excerpt":{"rendered":"<p>Schorsch Bross ist als\u00a0moderner Hochzeitslader\u00a0der rote Faden Ihrer Hochzeit: Schon im Vorfeld unterst\u00fctzt er das Brautpaar\u00a0bei der Planung des Ablaufes des Abends der\u00a0Hochzeit und\u00a0beim Einbinden der G\u00e4stedarbietungen. Auf Wunsch nat\u00fcrlich auch ohne,\u00a0dass das\u00a0Brautpaar, Genaueres \u00fcber die \u00dcberraschungsauftritte Ihrer G\u00e4ste erf\u00e4hrt. Schorsch Bross ist Komiker, Artist, Alphornspieler, Seifenblasenk\u00fcnstler,\u00a0Obertons\u00e4nger und Conf\u00e9rencier. Energiegeladene Comedy, hohes artistisches K\u00f6nnen,\u00a0skurrile Kl\u00e4nge und poetische Seifenblasen verbindet er auf liebenswerte Art zu einzigartigen Nummern. So gestaltet er mit seinen eigenen Darbietungen, dem Essen, der Musik und ggfs.\u00a0mit den \u00dcberraschungsauftritten der G\u00e4ste einen runden, abwechslungsreichen und\u00a0unvergesslichen Abend ihrer Hochzeit. Als Schnittstelle zwischen K\u00fcche, Service, Musik und K\u00fcnstlern sorgt er an dem Abend mit 25 <a class=\"more-link\" href=\"https:\/\/www.schorschbross.de\/varietekunst\/wordpress\/index.php\/hochzeitslader\/\">Weiterlesen&#8230;<\/a><\/p>\n","protected":false},"author":1,"featured_media":0,"parent":0,"menu_order":6,"comment_status":"closed","ping_status":"closed","template":"","meta":[],"aioseo_notices":[],"_links":{"self":[{"href":"https:\/\/www.schorschbross.de\/varietekunst\/wordpress\/index.php\/wp-json\/wp\/v2\/pages\/130"}],"collection":[{"href":"https:\/\/www.schorschbross.de\/varietekunst\/wordpress\/index.php\/wp-json\/wp\/v2\/pages"}],"about":[{"href":"https:\/\/www.schorschbross.de\/varietekunst\/wordpress\/index.php\/wp-json\/wp\/v2\/types\/page"}],"author":[{"embeddable":true,"href":"https:\/\/www.schorschbross.de\/varietekunst\/wordpress\/index.php\/wp-json\/wp\/v2\/users\/1"}],"replies":[{"embeddable":true,"href":"https:\/\/www.schorschbross.de\/varietekunst\/wordpress\/index.php\/wp-json\/wp\/v2\/comments?post=130"}],"version-history":[{"count":6,"href":"https:\/\/www.schorschbross.de\/varietekunst\/wordpress\/index.php\/wp-json\/wp\/v2\/pages\/130\/revisions"}],"predecessor-version":[{"id":348,"href":"https:\/\/www.schorschbross.de\/varietekunst\/wordpress\/index.php\/wp-json\/wp\/v2\/pages\/130\/revisions\/348"}],"wp:attachment":[{"href":"https:\/\/www.schorschbross.de\/varietekunst\/wordpress\/index.php\/wp-json\/wp\/v2\/media?parent=130"}],"curies":[{"name":"wp","href":"https:\/\/api.w.org\/{rel}","templated":true}]}}