{"id":128,"date":"2015-10-27T16:09:37","date_gmt":"2015-10-27T15:09:37","guid":{"rendered":"http:\/\/www.schorschbross.de\/varietekunst\/wordpress\/?page_id=128"},"modified":"2017-10-23T11:59:02","modified_gmt":"2017-10-23T09:59:02","slug":"moderation","status":"publish","type":"page","link":"https:\/\/www.schorschbross.de\/varietekunst\/wordpress\/index.php\/moderation\/","title":{"rendered":"Moderation und Talk"},"content":{"rendered":"<p style=\"text-align: left;\"><span class=\"text\">Schorsch Bross ist der <strong>Conf\u00e9rencier<\/strong> einer\u00a0<\/span><span class=\"text10fett\">Variet\u00e9Produktion<\/span><span class=\"textfett\">\u00a0<\/span><span class=\"text\">oder eines Verzehrtheaters.<\/span><span class=\"text10fett\"><br \/>\n<\/span><span class=\"text\">Einf\u00fchlsam verbindet er die einzelnen Nummern zu einem geschlossenen Variet\u00e9Programm und schaf<\/span><span class=\"text\">ft \u00dcberg\u00e4nge, die immer wieder visuell, clownesk, artistisch, musikalisch oder sprachlich \u00fcberraschen.<\/span><\/p>\n<p style=\"text-align: left;\"><span class=\"text\"><img decoding=\"async\" loading=\"lazy\" class=\"wp-image-59 size-medium alignleft\" src=\"http:\/\/www.schorschbross.de\/varietekunst\/wordpress\/wp-content\/uploads\/vorgest-inhalte-moderation-205x300.jpg\" alt=\"Schorsch Bross moderiert in der Figur eines Entwicklungsingenieurs\" width=\"205\" height=\"300\" srcset=\"https:\/\/www.schorschbross.de\/varietekunst\/wordpress\/wp-content\/uploads\/vorgest-inhalte-moderation-205x300.jpg 205w, https:\/\/www.schorschbross.de\/varietekunst\/wordpress\/wp-content\/uploads\/vorgest-inhalte-moderation.jpg 300w\" sizes=\"(max-width: 205px) 100vw, 205px\" \/> Oder er ist der <strong>rote Faden<\/strong> einer\u00a0<\/span><span class=\"text10fett\">Gala- oder BusinessVeranstaltung<\/span><span class=\"text\">.<br \/>\nDazu schl\u00fcpft er in eine Figur, die zur Veranstaltung entwickelt wird, wie zum Beispiel: PharmaEntwickler, Archivar, r\u00f6mischer Senator, Hausmeister, Erfinder, Professor usw..<br \/>\nSo wird einerseits ein Bezug zum Motto der Veranstaltung hergestellt und andererseits k\u00f6nnen Inhalte auf humorvolle und auflockernde Weise transportiert werden.<\/span><\/p>\n<p>&nbsp;<\/p>\n<p>&nbsp;<\/p>\n<p>&nbsp;<\/p>\n<p style=\"text-align: left;\">Schorsch Bross moderiert eine <strong>Talkrunde<\/strong>.<\/p>\n<p style=\"text-align: left;\">Bei Veranstaltungen bei denen mehrere Redner normalerweise hintereinander sprechen sollten, wie Einweihungen, Jubil\u00e4en oder Er\u00f6ffnungen, bringt Schorsch Bross die G\u00e4ste an einem Tisch zusammen und in einem gemeinsamen Gespr\u00e4ch werden auf abwechslungsreiche und unterhaltsame Art die Inhalte transportiert.<\/p>\n<p style=\"text-align: left;\">Zum <strong>30 j\u00e4hrigen Jubil\u00e4um<\/strong> von Probst Heizungen schreibt Frau\u00a0Wasserburger-Probst:<\/p>\n<p style=\"text-align: left;\">&#8222;Hallo Schorsch Bross,\u00a0nachdem bei uns jetzt wieder weitestgehend \u201eNormalit\u00e4t\u201c eingekehrt ist, wollten wir uns alle nochmal bei Ihnen ganz herzlich bedanken unser Fest zu so einem gro\u00dfen Erfolg gemacht zu haben. Von allen Seiten bekommen wir nur positive R\u00fcckmeldungen. Ohne Sie w\u00e4re unser Abend genauso langweilig und \u201e\u00fcblich\u201c gewesen wie alle anderen Jubil\u00e4en hier im Umkreis. Wir sind sehr stolz eine au\u00dfergew\u00f6hnliche Jubil\u00e4umsfeier veranstaltet zu haben&#8230;.&#8220;<\/p>\n<p style=\"text-align: left;\"><img decoding=\"async\" loading=\"lazy\" class=\"alignnone size-full wp-image-441\" src=\"http:\/\/www.schorschbross.de\/varietekunst\/wordpress\/wp-content\/uploads\/probst-talk.jpg\" alt=\"\" width=\"600\" height=\"400\" srcset=\"https:\/\/www.schorschbross.de\/varietekunst\/wordpress\/wp-content\/uploads\/probst-talk.jpg 600w, https:\/\/www.schorschbross.de\/varietekunst\/wordpress\/wp-content\/uploads\/probst-talk-300x200.jpg 300w\" sizes=\"(max-width: 600px) 100vw, 600px\" \/><\/p>\n<p style=\"text-align: left;\">Talkrunde auf dem Reichswaldfest in N\u00fcrnberg<img decoding=\"async\" loading=\"lazy\" class=\"size-full wp-image-427 alignleft\" src=\"http:\/\/www.schorschbross.de\/varietekunst\/wordpress\/wp-content\/uploads\/Reichswaldfest-Talk.png\" alt=\"\" width=\"600\" height=\"400\" srcset=\"https:\/\/www.schorschbross.de\/varietekunst\/wordpress\/wp-content\/uploads\/Reichswaldfest-Talk.png 600w, https:\/\/www.schorschbross.de\/varietekunst\/wordpress\/wp-content\/uploads\/Reichswaldfest-Talk-300x200.png 300w\" sizes=\"(max-width: 600px) 100vw, 600px\" \/>\u00a0(Photo: Toni Mader)<\/p>\n<p>&nbsp;<\/p>\n<p>&nbsp;<\/p>\n<p>&nbsp;<\/p>\n<p>&nbsp;<\/p>\n<p>&nbsp;<\/p>\n<p>&nbsp;<\/p>\n<p>&nbsp;<\/p>\n<p>&nbsp;<\/p>\n<p>&nbsp;<\/p>\n<p style=\"text-align: left;\">Talkrunde zur Stadthallener\u00f6ffnung Biberach als Hausmeister<img decoding=\"async\" loading=\"lazy\" class=\"alignnone size-full wp-image-426 alignleft\" src=\"http:\/\/www.schorschbross.de\/varietekunst\/wordpress\/wp-content\/uploads\/Stadthallener\u00f6ffnung-Bibearach-als-Hausmeister.png\" alt=\"\" width=\"600\" height=\"400\" srcset=\"https:\/\/www.schorschbross.de\/varietekunst\/wordpress\/wp-content\/uploads\/Stadthallener\u00f6ffnung-Bibearach-als-Hausmeister.png 600w, https:\/\/www.schorschbross.de\/varietekunst\/wordpress\/wp-content\/uploads\/Stadthallener\u00f6ffnung-Bibearach-als-Hausmeister-300x200.png 300w\" sizes=\"(max-width: 600px) 100vw, 600px\" \/><\/p>\n","protected":false},"excerpt":{"rendered":"<p>Schorsch Bross ist der Conf\u00e9rencier einer\u00a0Variet\u00e9Produktion\u00a0oder eines Verzehrtheaters. Einf\u00fchlsam verbindet er die einzelnen Nummern zu einem geschlossenen Variet\u00e9Programm und schafft \u00dcberg\u00e4nge, die immer wieder visuell, clownesk, artistisch, musikalisch oder sprachlich \u00fcberraschen. Oder er ist der rote Faden einer\u00a0Gala- oder BusinessVeranstaltung. Dazu schl\u00fcpft er in eine Figur, die zur Veranstaltung entwickelt wird, wie zum Beispiel: PharmaEntwickler, Archivar, r\u00f6mischer Senator, Hausmeister, Erfinder, Professor usw.. So wird einerseits ein Bezug zum Motto der Veranstaltung hergestellt und andererseits k\u00f6nnen Inhalte auf humorvolle und auflockernde Weise transportiert werden. &nbsp; &nbsp; &nbsp; Schorsch Bross moderiert eine Talkrunde. Bei Veranstaltungen bei denen mehrere Redner normalerweise hintereinander sprechen sollten, wie Einweihungen, Jubil\u00e4en oder <a class=\"more-link\" href=\"https:\/\/www.schorschbross.de\/varietekunst\/wordpress\/index.php\/moderation\/\">Weiterlesen&#8230;<\/a><\/p>\n","protected":false},"author":1,"featured_media":0,"parent":0,"menu_order":3,"comment_status":"closed","ping_status":"closed","template":"","meta":[],"aioseo_notices":[],"_links":{"self":[{"href":"https:\/\/www.schorschbross.de\/varietekunst\/wordpress\/index.php\/wp-json\/wp\/v2\/pages\/128"}],"collection":[{"href":"https:\/\/www.schorschbross.de\/varietekunst\/wordpress\/index.php\/wp-json\/wp\/v2\/pages"}],"about":[{"href":"https:\/\/www.schorschbross.de\/varietekunst\/wordpress\/index.php\/wp-json\/wp\/v2\/types\/page"}],"author":[{"embeddable":true,"href":"https:\/\/www.schorschbross.de\/varietekunst\/wordpress\/index.php\/wp-json\/wp\/v2\/users\/1"}],"replies":[{"embeddable":true,"href":"https:\/\/www.schorschbross.de\/varietekunst\/wordpress\/index.php\/wp-json\/wp\/v2\/comments?post=128"}],"version-history":[{"count":14,"href":"https:\/\/www.schorschbross.de\/varietekunst\/wordpress\/index.php\/wp-json\/wp\/v2\/pages\/128\/revisions"}],"predecessor-version":[{"id":451,"href":"https:\/\/www.schorschbross.de\/varietekunst\/wordpress\/index.php\/wp-json\/wp\/v2\/pages\/128\/revisions\/451"}],"wp:attachment":[{"href":"https:\/\/www.schorschbross.de\/varietekunst\/wordpress\/index.php\/wp-json\/wp\/v2\/media?parent=128"}],"curies":[{"name":"wp","href":"https:\/\/api.w.org\/{rel}","templated":true}]}}